{"id":4221,"date":"2024-06-07T11:20:10","date_gmt":"2024-06-07T15:20:10","guid":{"rendered":"https:\/\/groupequenneville.com\/?page_id=4221"},"modified":"2024-07-03T11:55:41","modified_gmt":"2024-07-03T15:55:41","slug":"ressources-center","status":"publish","type":"page","link":"https:\/\/groupequenneville.com\/en\/ressources-center\/","title":{"rendered":"Resource Center"},"content":{"rendered":"\t\t<div data-elementor-type=\"wp-page\" data-elementor-id=\"4221\" class=\"elementor elementor-4221 elementor-4219\" data-elementor-post-type=\"page\">\n\t\t\t\t<div class=\"elementor-element elementor-element-4da19363 e-flex e-con-boxed e-con e-parent\" data-id=\"4da19363\" data-element_type=\"container\" data-e-type=\"container\">\n\t\t\t\t\t<div class=\"e-con-inner\">\n\t\t\t\t<div class=\"elementor-element elementor-element-70606250 elementor-widget elementor-widget-heading\" data-id=\"70606250\" data-element_type=\"widget\" data-e-type=\"widget\" data-widget_type=\"heading.default\">\n\t\t\t\t<div class=\"elementor-widget-container\">\n\t\t\t\t\t<h1 class=\"elementor-heading-title elementor-size-default\">Resource Center<\/h1>\t\t\t\t<\/div>\n\t\t\t\t<\/div>\n\t\t\t\t\t<\/div>\n\t\t\t\t<\/div>\n\t\t<div class=\"elementor-element elementor-element-15d3003c e-flex e-con-boxed e-con e-parent\" data-id=\"15d3003c\" data-element_type=\"container\" data-e-type=\"container\">\n\t\t\t\t\t<div class=\"e-con-inner\">\n\t\t\t\t<div class=\"elementor-element elementor-element-692ec76c elementor-grid-3 elementor-grid-tablet-2 elementor-grid-mobile-1 elementor-posts--thumbnail-top elementor-widget elementor-widget-posts\" data-id=\"692ec76c\" data-element_type=\"widget\" data-e-type=\"widget\" data-settings=\"{&quot;classic_columns&quot;:&quot;3&quot;,&quot;classic_columns_tablet&quot;:&quot;2&quot;,&quot;classic_columns_mobile&quot;:&quot;1&quot;,&quot;classic_row_gap&quot;:{&quot;unit&quot;:&quot;px&quot;,&quot;size&quot;:35,&quot;sizes&quot;:[]},&quot;classic_row_gap_laptop&quot;:{&quot;unit&quot;:&quot;px&quot;,&quot;size&quot;:&quot;&quot;,&quot;sizes&quot;:[]},&quot;classic_row_gap_tablet&quot;:{&quot;unit&quot;:&quot;px&quot;,&quot;size&quot;:&quot;&quot;,&quot;sizes&quot;:[]},&quot;classic_row_gap_mobile&quot;:{&quot;unit&quot;:&quot;px&quot;,&quot;size&quot;:&quot;&quot;,&quot;sizes&quot;:[]}}\" data-widget_type=\"posts.classic\">\n\t\t\t\t<div class=\"elementor-widget-container\">\n\t\t\t\t\t\t\t<div class=\"elementor-posts-container elementor-posts elementor-posts--skin-classic elementor-grid\" role=\"list\">\n\t\t\t\t<article class=\"elementor-post elementor-grid-item post-4231 post type-post status-publish format-standard has-post-thumbnail hentry category-non-classifiee\" role=\"listitem\">\n\t\t\t\t<a class=\"elementor-post__thumbnail__link\" href=\"https:\/\/groupequenneville.com\/en\/8-tips-to-save-electricity\/\" tabindex=\"-1\" >\n\t\t\t<div class=\"elementor-post__thumbnail\"><img fetchpriority=\"high\" decoding=\"async\" width=\"300\" height=\"200\" src=\"https:\/\/groupequenneville.com\/wp-content\/uploads\/2023\/02\/shutterstock_1420610747-1-300x200.jpg\" class=\"attachment-medium size-medium wp-image-3350\" alt=\"Lighting metaphor, bulb in wood house | Q EELCTRIQUE\" srcset=\"https:\/\/groupequenneville.com\/wp-content\/uploads\/2023\/02\/shutterstock_1420610747-1-300x200.jpg 300w, https:\/\/groupequenneville.com\/wp-content\/uploads\/2023\/02\/shutterstock_1420610747-1-768x512.jpg 768w, https:\/\/groupequenneville.com\/wp-content\/uploads\/2023\/02\/shutterstock_1420610747-1-200x133.jpg 200w, https:\/\/groupequenneville.com\/wp-content\/uploads\/2023\/02\/shutterstock_1420610747-1-400x267.jpg 400w, https:\/\/groupequenneville.com\/wp-content\/uploads\/2023\/02\/shutterstock_1420610747-1-600x400.jpg 600w, https:\/\/groupequenneville.com\/wp-content\/uploads\/2023\/02\/shutterstock_1420610747-1-800x534.jpg 800w, https:\/\/groupequenneville.com\/wp-content\/uploads\/2023\/02\/shutterstock_1420610747-1.jpg 1000w\" sizes=\"(max-width: 300px) 100vw, 300px\" \/><\/div>\n\t\t<\/a>\n\t\t\t\t<div class=\"elementor-post__text\">\n\t\t\t\t<h2 class=\"elementor-post__title\">\n\t\t\t<a href=\"https:\/\/groupequenneville.com\/en\/8-tips-to-save-electricity\/\" >\n\t\t\t\t8 Tips to Save Electricity\t\t\t<\/a>\n\t\t<\/h2>\n\t\t\t\t<div class=\"elementor-post__meta-data\">\n\t\t\t\t\t<span class=\"elementor-post-date\">\n\t\t\tJune 7, 2024\t\t<\/span>\n\t\t\t\t<\/div>\n\t\t\t\t<div class=\"elementor-post__excerpt\">\n\t\t\t<p>Many customers often ask us what are the best tips to save on their electricity bill. We decided to present you with a list of<\/p>\n\t\t<\/div>\n\t\t\n\t\t<a class=\"elementor-post__read-more\" href=\"https:\/\/groupequenneville.com\/en\/8-tips-to-save-electricity\/\" aria-label=\"Read more about 8 Tips to Save Electricity\" tabindex=\"-1\" >\n\t\t\tRead more \u00bb\t\t<\/a>\n\n\t\t\t\t<\/div>\n\t\t\t\t<\/article>\n\t\t\t\t<article class=\"elementor-post elementor-grid-item post-4235 post type-post status-publish format-standard has-post-thumbnail hentry category-non-classifiee\" role=\"listitem\">\n\t\t\t\t<a class=\"elementor-post__thumbnail__link\" href=\"https:\/\/groupequenneville.com\/en\/is-a-fuse-sign-safe\/\" tabindex=\"-1\" >\n\t\t\t<div class=\"elementor-post__thumbnail\"><img decoding=\"async\" width=\"277\" height=\"300\" src=\"https:\/\/groupequenneville.com\/wp-content\/uploads\/2024\/06\/panneau-a-fusibles-277x300.png\" class=\"attachment-medium size-medium wp-image-4215\" alt=\"panneau \u00e0 fusible\" srcset=\"https:\/\/groupequenneville.com\/wp-content\/uploads\/2024\/06\/panneau-a-fusibles-277x300.png 277w, https:\/\/groupequenneville.com\/wp-content\/uploads\/2024\/06\/panneau-a-fusibles-320x347.png 320w, https:\/\/groupequenneville.com\/wp-content\/uploads\/2024\/06\/panneau-a-fusibles-66x71.png 66w, https:\/\/groupequenneville.com\/wp-content\/uploads\/2024\/06\/panneau-a-fusibles-200x217.png 200w, https:\/\/groupequenneville.com\/wp-content\/uploads\/2024\/06\/panneau-a-fusibles-400x433.png 400w, https:\/\/groupequenneville.com\/wp-content\/uploads\/2024\/06\/panneau-a-fusibles.png 591w\" sizes=\"(max-width: 277px) 100vw, 277px\" \/><\/div>\n\t\t<\/a>\n\t\t\t\t<div class=\"elementor-post__text\">\n\t\t\t\t<h2 class=\"elementor-post__title\">\n\t\t\t<a href=\"https:\/\/groupequenneville.com\/en\/is-a-fuse-sign-safe\/\" >\n\t\t\t\tIs a fuse sign safe?\t\t\t<\/a>\n\t\t<\/h2>\n\t\t\t\t<div class=\"elementor-post__meta-data\">\n\t\t\t\t\t<span class=\"elementor-post-date\">\n\t\t\tJune 6, 2024\t\t<\/span>\n\t\t\t\t<\/div>\n\t\t\t\t<div class=\"elementor-post__excerpt\">\n\t\t\t<p>So we need to clarify this subject. Compare the fuse panel to the circuit breaker panel. Many people mistakenly think that fuse panels are outdated<\/p>\n\t\t<\/div>\n\t\t\n\t\t<a class=\"elementor-post__read-more\" href=\"https:\/\/groupequenneville.com\/en\/is-a-fuse-sign-safe\/\" aria-label=\"Read more about Is a fuse sign safe?\" tabindex=\"-1\" >\n\t\t\tRead more \u00bb\t\t<\/a>\n\n\t\t\t\t<\/div>\n\t\t\t\t<\/article>\n\t\t\t\t<article class=\"elementor-post elementor-grid-item post-4237 post type-post status-publish format-standard has-post-thumbnail hentry category-non-classifiee\" role=\"listitem\">\n\t\t\t\t<a class=\"elementor-post__thumbnail__link\" href=\"https:\/\/groupequenneville.com\/en\/doing-electrical-work-yourself\/\" tabindex=\"-1\" >\n\t\t\t<div class=\"elementor-post__thumbnail\"><img decoding=\"async\" width=\"300\" height=\"225\" src=\"https:\/\/groupequenneville.com\/wp-content\/uploads\/2024\/06\/electricite-soi-meme-300x225.jpg\" class=\"attachment-medium size-medium wp-image-4208\" alt=\"danger \u00e9lectricit\u00e9 soi-m\u00eame\" srcset=\"https:\/\/groupequenneville.com\/wp-content\/uploads\/2024\/06\/electricite-soi-meme-300x225.jpg 300w, https:\/\/groupequenneville.com\/wp-content\/uploads\/2024\/06\/electricite-soi-meme-1024x768.jpg 1024w, https:\/\/groupequenneville.com\/wp-content\/uploads\/2024\/06\/electricite-soi-meme-768x576.jpg 768w, https:\/\/groupequenneville.com\/wp-content\/uploads\/2024\/06\/electricite-soi-meme-1536x1152.jpg 1536w, https:\/\/groupequenneville.com\/wp-content\/uploads\/2024\/06\/electricite-soi-meme-669x502.jpg 669w, https:\/\/groupequenneville.com\/wp-content\/uploads\/2024\/06\/electricite-soi-meme-320x240.jpg 320w, https:\/\/groupequenneville.com\/wp-content\/uploads\/2024\/06\/electricite-soi-meme-700x525.jpg 700w, https:\/\/groupequenneville.com\/wp-content\/uploads\/2024\/06\/electricite-soi-meme-66x50.jpg 66w, https:\/\/groupequenneville.com\/wp-content\/uploads\/2024\/06\/electricite-soi-meme-200x150.jpg 200w, https:\/\/groupequenneville.com\/wp-content\/uploads\/2024\/06\/electricite-soi-meme-400x300.jpg 400w, https:\/\/groupequenneville.com\/wp-content\/uploads\/2024\/06\/electricite-soi-meme-600x450.jpg 600w, https:\/\/groupequenneville.com\/wp-content\/uploads\/2024\/06\/electricite-soi-meme-800x600.jpg 800w, https:\/\/groupequenneville.com\/wp-content\/uploads\/2024\/06\/electricite-soi-meme-1200x900.jpg 1200w, https:\/\/groupequenneville.com\/wp-content\/uploads\/2024\/06\/electricite-soi-meme.jpg 2000w\" sizes=\"(max-width: 300px) 100vw, 300px\" \/><\/div>\n\t\t<\/a>\n\t\t\t\t<div class=\"elementor-post__text\">\n\t\t\t\t<h2 class=\"elementor-post__title\">\n\t\t\t<a href=\"https:\/\/groupequenneville.com\/en\/doing-electrical-work-yourself\/\" >\n\t\t\t\tDoing electrical work yourself\t\t\t<\/a>\n\t\t<\/h2>\n\t\t\t\t<div class=\"elementor-post__meta-data\">\n\t\t\t\t\t<span class=\"elementor-post-date\">\n\t\t\tJune 6, 2024\t\t<\/span>\n\t\t\t\t<\/div>\n\t\t\t\t<div class=\"elementor-post__excerpt\">\n\t\t\t<p>Many of our clients wonder what they really have the right to do as work at home. In fact, what you need to know is<\/p>\n\t\t<\/div>\n\t\t\n\t\t<a class=\"elementor-post__read-more\" href=\"https:\/\/groupequenneville.com\/en\/doing-electrical-work-yourself\/\" aria-label=\"Read more about Doing electrical work yourself\" tabindex=\"-1\" >\n\t\t\tRead more \u00bb\t\t<\/a>\n\n\t\t\t\t<\/div>\n\t\t\t\t<\/article>\n\t\t\t\t<\/div>\n\t\t\n\t\t\t\t\t\t<\/div>\n\t\t\t\t<\/div>\n\t\t\t\t\t<\/div>\n\t\t\t\t<\/div>\n\t\t\t\t<\/div>\n\t\t","protected":false},"excerpt":{"rendered":"<p>Resource Center<\/p>\n","protected":false},"author":3,"featured_media":0,"parent":0,"menu_order":0,"comment_status":"closed","ping_status":"closed","template":"","meta":{"footnotes":""},"class_list":["post-4221","page","type-page","status-publish","hentry"],"yoast_head":"<!-- This site is optimized with the Yoast SEO Premium plugin v27.3 (Yoast SEO v27.3) - https:\/\/yoast.com\/product\/yoast-seo-premium-wordpress\/ -->\n<title>Resource Center: Electricity Tips And Tricks<\/title>\n<meta name=\"description\" content=\"Visit our resource center to learn more about installation tips and electrical knowledge.\" \/>\n<meta name=\"robots\" content=\"index, follow, max-snippet:-1, max-image-preview:large, max-video-preview:-1\" \/>\n<link rel=\"canonical\" href=\"https:\/\/groupequenneville.com\/en\/ressources-center\/\" \/>\n<meta property=\"og:locale\" content=\"en_US\" \/>\n<meta property=\"og:type\" content=\"article\" \/>\n<meta property=\"og:title\" content=\"Resource Center\" \/>\n<meta property=\"og:description\" content=\"Visit our resource center to learn more about installation tips and electrical knowledge.\" \/>\n<meta property=\"og:url\" content=\"https:\/\/groupequenneville.com\/en\/ressources-center\/\" \/>\n<meta property=\"og:site_name\" content=\"Groupe Quenneville\" \/>\n<meta property=\"article:publisher\" content=\"https:\/\/www.facebook.com\/GroupeQuenneville\" \/>\n<meta property=\"article:modified_time\" content=\"2024-07-03T15:55:41+00:00\" \/>\n<meta property=\"og:image\" content=\"https:\/\/groupequenneville.com\/wp-content\/uploads\/2024\/06\/electriciens-groupe-quenneville.jpg\" \/>\n\t<meta property=\"og:image:width\" content=\"2000\" \/>\n\t<meta property=\"og:image:height\" content=\"1359\" \/>\n\t<meta property=\"og:image:type\" content=\"image\/jpeg\" \/>\n<meta name=\"twitter:card\" content=\"summary_large_image\" \/>\n<meta name=\"twitter:label1\" content=\"Est. reading time\" \/>\n\t<meta name=\"twitter:data1\" content=\"1 minute\" \/>\n<script type=\"application\/ld+json\" class=\"yoast-schema-graph\">{\"@context\":\"https:\\\/\\\/schema.org\",\"@graph\":[{\"@type\":\"WebPage\",\"@id\":\"https:\\\/\\\/groupequenneville.com\\\/en\\\/ressources-center\\\/\",\"url\":\"https:\\\/\\\/groupequenneville.com\\\/en\\\/ressources-center\\\/\",\"name\":\"Resource Center: Electricity Tips And Tricks\",\"isPartOf\":{\"@id\":\"https:\\\/\\\/groupequenneville.com\\\/en\\\/#website\"},\"datePublished\":\"2024-06-07T15:20:10+00:00\",\"dateModified\":\"2024-07-03T15:55:41+00:00\",\"description\":\"Visit our resource center to learn more about installation tips and electrical knowledge.\",\"breadcrumb\":{\"@id\":\"https:\\\/\\\/groupequenneville.com\\\/en\\\/ressources-center\\\/#breadcrumb\"},\"inLanguage\":\"en-US\",\"potentialAction\":[{\"@type\":\"ReadAction\",\"target\":[\"https:\\\/\\\/groupequenneville.com\\\/en\\\/ressources-center\\\/\"]}]},{\"@type\":\"BreadcrumbList\",\"@id\":\"https:\\\/\\\/groupequenneville.com\\\/en\\\/ressources-center\\\/#breadcrumb\",\"itemListElement\":[{\"@type\":\"ListItem\",\"position\":1,\"name\":\"Accueil\",\"item\":\"https:\\\/\\\/groupequenneville.com\\\/en\\\/\"},{\"@type\":\"ListItem\",\"position\":2,\"name\":\"Resource Center\"}]},{\"@type\":\"WebSite\",\"@id\":\"https:\\\/\\\/groupequenneville.com\\\/en\\\/#website\",\"url\":\"https:\\\/\\\/groupequenneville.com\\\/en\\\/\",\"name\":\"Groupe Quenneville\",\"description\":\"Ma\u00eetre \u00e9lectricien\",\"publisher\":{\"@id\":\"https:\\\/\\\/groupequenneville.com\\\/en\\\/#organization\"},\"potentialAction\":[{\"@type\":\"SearchAction\",\"target\":{\"@type\":\"EntryPoint\",\"urlTemplate\":\"https:\\\/\\\/groupequenneville.com\\\/en\\\/?s={search_term_string}\"},\"query-input\":{\"@type\":\"PropertyValueSpecification\",\"valueRequired\":true,\"valueName\":\"search_term_string\"}}],\"inLanguage\":\"en-US\"},{\"@type\":\"Organization\",\"@id\":\"https:\\\/\\\/groupequenneville.com\\\/en\\\/#organization\",\"name\":\"Groupe Quenneville\",\"url\":\"https:\\\/\\\/groupequenneville.com\\\/en\\\/\",\"logo\":{\"@type\":\"ImageObject\",\"inLanguage\":\"en-US\",\"@id\":\"https:\\\/\\\/groupequenneville.com\\\/en\\\/#\\\/schema\\\/logo\\\/image\\\/\",\"url\":\"https:\\\/\\\/groupequenneville.com\\\/wp-content\\\/uploads\\\/2024\\\/06\\\/logo.png\",\"contentUrl\":\"https:\\\/\\\/groupequenneville.com\\\/wp-content\\\/uploads\\\/2024\\\/06\\\/logo.png\",\"width\":851,\"height\":315,\"caption\":\"Groupe Quenneville\"},\"image\":{\"@id\":\"https:\\\/\\\/groupequenneville.com\\\/en\\\/#\\\/schema\\\/logo\\\/image\\\/\"},\"sameAs\":[\"https:\\\/\\\/www.facebook.com\\\/GroupeQuenneville\",\"https:\\\/\\\/www.linkedin.com\\\/company\\\/groupe-quenneville-inc\\\/\"],\"description\":\"Groupe Quenneville est une entreprise d'\u00e9lectriciens situ\u00e9e dans les Laurentides au Qu\u00e9bec offrant leurs services \u00e0 Montr\u00e9al, Laval et dans les Laurentides. Les diff\u00e9rents services \u00e9lectriques offerts sont : Appels de service, installation et distribution de bornes de recharge, branchement de piscine, branchement de spa, branchement d'appareillage, certification pour assurances, chauffage \u00e9lectrique, construction neuve, distribution \u00e9lectrique, \u00e9clairage, entr\u00e9e \u00e9lectrique, g\u00e9n\u00e9ratrices r\u00e9sidentiels commerciales et industrielles, tous services par rapport aux panneaux \u00e9lectriques, r\u00e9novation.\",\"email\":\"info@groupequenneville.com\",\"telephone\":\"514-503-1353\",\"legalName\":\"Groupe Quenneville Inc.\",\"foundingDate\":\"2019-04-22\",\"numberOfEmployees\":{\"@type\":\"QuantitativeValue\",\"minValue\":\"1\",\"maxValue\":\"10\"}}]}<\/script>\n<!-- \/ Yoast SEO Premium plugin. -->","yoast_head_json":{"title":"Resource Center: Electricity Tips And Tricks","description":"Visit our resource center to learn more about installation tips and electrical knowledge.","robots":{"index":"index","follow":"follow","max-snippet":"max-snippet:-1","max-image-preview":"max-image-preview:large","max-video-preview":"max-video-preview:-1"},"canonical":"https:\/\/groupequenneville.com\/en\/ressources-center\/","og_locale":"en_US","og_type":"article","og_title":"Resource Center","og_description":"Visit our resource center to learn more about installation tips and electrical knowledge.","og_url":"https:\/\/groupequenneville.com\/en\/ressources-center\/","og_site_name":"Groupe Quenneville","article_publisher":"https:\/\/www.facebook.com\/GroupeQuenneville","article_modified_time":"2024-07-03T15:55:41+00:00","og_image":[{"width":2000,"height":1359,"url":"https:\/\/groupequenneville.com\/wp-content\/uploads\/2024\/06\/electriciens-groupe-quenneville.jpg","type":"image\/jpeg"}],"twitter_card":"summary_large_image","twitter_misc":{"Est. reading time":"1 minute"},"schema":{"@context":"https:\/\/schema.org","@graph":[{"@type":"WebPage","@id":"https:\/\/groupequenneville.com\/en\/ressources-center\/","url":"https:\/\/groupequenneville.com\/en\/ressources-center\/","name":"Resource Center: Electricity Tips And Tricks","isPartOf":{"@id":"https:\/\/groupequenneville.com\/en\/#website"},"datePublished":"2024-06-07T15:20:10+00:00","dateModified":"2024-07-03T15:55:41+00:00","description":"Visit our resource center to learn more about installation tips and electrical knowledge.","breadcrumb":{"@id":"https:\/\/groupequenneville.com\/en\/ressources-center\/#breadcrumb"},"inLanguage":"en-US","potentialAction":[{"@type":"ReadAction","target":["https:\/\/groupequenneville.com\/en\/ressources-center\/"]}]},{"@type":"BreadcrumbList","@id":"https:\/\/groupequenneville.com\/en\/ressources-center\/#breadcrumb","itemListElement":[{"@type":"ListItem","position":1,"name":"Accueil","item":"https:\/\/groupequenneville.com\/en\/"},{"@type":"ListItem","position":2,"name":"Resource Center"}]},{"@type":"WebSite","@id":"https:\/\/groupequenneville.com\/en\/#website","url":"https:\/\/groupequenneville.com\/en\/","name":"Groupe Quenneville","description":"Ma\u00eetre \u00e9lectricien","publisher":{"@id":"https:\/\/groupequenneville.com\/en\/#organization"},"potentialAction":[{"@type":"SearchAction","target":{"@type":"EntryPoint","urlTemplate":"https:\/\/groupequenneville.com\/en\/?s={search_term_string}"},"query-input":{"@type":"PropertyValueSpecification","valueRequired":true,"valueName":"search_term_string"}}],"inLanguage":"en-US"},{"@type":"Organization","@id":"https:\/\/groupequenneville.com\/en\/#organization","name":"Groupe Quenneville","url":"https:\/\/groupequenneville.com\/en\/","logo":{"@type":"ImageObject","inLanguage":"en-US","@id":"https:\/\/groupequenneville.com\/en\/#\/schema\/logo\/image\/","url":"https:\/\/groupequenneville.com\/wp-content\/uploads\/2024\/06\/logo.png","contentUrl":"https:\/\/groupequenneville.com\/wp-content\/uploads\/2024\/06\/logo.png","width":851,"height":315,"caption":"Groupe Quenneville"},"image":{"@id":"https:\/\/groupequenneville.com\/en\/#\/schema\/logo\/image\/"},"sameAs":["https:\/\/www.facebook.com\/GroupeQuenneville","https:\/\/www.linkedin.com\/company\/groupe-quenneville-inc\/"],"description":"Groupe Quenneville est une entreprise d'\u00e9lectriciens situ\u00e9e dans les Laurentides au Qu\u00e9bec offrant leurs services \u00e0 Montr\u00e9al, Laval et dans les Laurentides. Les diff\u00e9rents services \u00e9lectriques offerts sont : Appels de service, installation et distribution de bornes de recharge, branchement de piscine, branchement de spa, branchement d'appareillage, certification pour assurances, chauffage \u00e9lectrique, construction neuve, distribution \u00e9lectrique, \u00e9clairage, entr\u00e9e \u00e9lectrique, g\u00e9n\u00e9ratrices r\u00e9sidentiels commerciales et industrielles, tous services par rapport aux panneaux \u00e9lectriques, r\u00e9novation.","email":"info@groupequenneville.com","telephone":"514-503-1353","legalName":"Groupe Quenneville Inc.","foundingDate":"2019-04-22","numberOfEmployees":{"@type":"QuantitativeValue","minValue":"1","maxValue":"10"}}]}},"_links":{"self":[{"href":"https:\/\/groupequenneville.com\/en\/wp-json\/wp\/v2\/pages\/4221","targetHints":{"allow":["GET"]}}],"collection":[{"href":"https:\/\/groupequenneville.com\/en\/wp-json\/wp\/v2\/pages"}],"about":[{"href":"https:\/\/groupequenneville.com\/en\/wp-json\/wp\/v2\/types\/page"}],"author":[{"embeddable":true,"href":"https:\/\/groupequenneville.com\/en\/wp-json\/wp\/v2\/users\/3"}],"replies":[{"embeddable":true,"href":"https:\/\/groupequenneville.com\/en\/wp-json\/wp\/v2\/comments?post=4221"}],"version-history":[{"count":0,"href":"https:\/\/groupequenneville.com\/en\/wp-json\/wp\/v2\/pages\/4221\/revisions"}],"wp:attachment":[{"href":"https:\/\/groupequenneville.com\/en\/wp-json\/wp\/v2\/media?parent=4221"}],"curies":[{"name":"wp","href":"https:\/\/api.w.org\/{rel}","templated":true}]}}