{"id":6599,"date":"2025-01-07T13:25:20","date_gmt":"2025-01-07T18:25:20","guid":{"rendered":"https:\/\/groupequenneville.com\/?page_id=6599"},"modified":"2024-11-19T17:03:40","modified_gmt":"2024-11-19T22:03:40","slug":"5-year-electrician-warranty","status":"publish","type":"page","link":"https:\/\/groupequenneville.com\/en\/5-year-electrician-warranty\/","title":{"rendered":"5-Year Warranty on All Our Electrical Services \u2013 The Longest Warranty in the Industry!"},"content":{"rendered":"\t\t<div data-elementor-type=\"wp-page\" data-elementor-id=\"6599\" class=\"elementor elementor-6599 elementor-6702\" data-elementor-post-type=\"page\">\n\t\t\t\t<div class=\"elementor-element elementor-element-446cc870 e-flex e-con-boxed e-con e-parent\" data-id=\"446cc870\" data-element_type=\"container\" data-e-type=\"container\">\n\t\t\t\t\t<div class=\"e-con-inner\">\n\t\t<div class=\"elementor-element elementor-element-6b0aa1ed e-flex e-con-boxed e-con e-child\" data-id=\"6b0aa1ed\" data-element_type=\"container\" data-e-type=\"container\">\n\t\t\t\t\t<div class=\"e-con-inner\">\n\t\t<div class=\"elementor-element elementor-element-16d54dd7 e-con-full e-flex e-con e-child\" data-id=\"16d54dd7\" data-element_type=\"container\" data-e-type=\"container\">\n\t\t\t\t<div class=\"elementor-element elementor-element-64bc9a65 elementor-widget elementor-widget-heading\" data-id=\"64bc9a65\" data-element_type=\"widget\" data-e-type=\"widget\" data-widget_type=\"heading.default\">\n\t\t\t\t<div class=\"elementor-widget-container\">\n\t\t\t\t\t<h1 class=\"elementor-heading-title elementor-size-default\">5-Year Warranty on All Our Electrical Services \u2013 The Longest Warranty in the Industry!<\/h1>\t\t\t\t<\/div>\n\t\t\t\t<\/div>\n\t\t\t\t<div class=\"elementor-element elementor-element-595634ef elementor-widget elementor-widget-text-editor\" data-id=\"595634ef\" data-element_type=\"widget\" data-e-type=\"widget\" data-widget_type=\"text-editor.default\">\n\t\t\t\t<div class=\"elementor-widget-container\">\n\t\t\t\t\t\t\t\t\t<p>Did you know that the minimum <a href=\"https:\/\/www.legisquebec.gouv.qc.ca\/fr\/document\/lc\/ccq-1991\/20200924#se:2120\" target=\"_blank\" rel=\"noopener\">legal warranty offered by merchants in Quebec is only one year<\/a>? At Groupe Quenneville, we go far beyond this standard to provide you with unmatched peace of mind.<\/p><h2>Why a 5-Year Warranty?<\/h2><p>Quality is at the core of everything we do. That\u2019s why we guarantee our work and services for a full 5 years. This warranty reflects our commitment to durable and reliable installations.<\/p><h2>Details of Our Warranty<\/h2><h3>1 &#8211; Work Coverage<\/h3><ul><li>All our work (contract-based or hourly) comes with a 5-year non-transferable warranty.<\/li><li>This warranty covers only our workmanship and installations, not the materials.<\/li><\/ul><p><strong>Example<\/strong>: If an electrical connection comes loose after our work, we\u2019ll repair it free of charge under the warranty.<\/p><h3>2 &#8211; Material Warranty<\/h3><ul><li>Installed materials are covered by the manufacturer\u2019s warranty.<\/li><li>However, our workmanship remains guaranteed for 5 years.<\/li><\/ul><p><strong>Examples<\/strong>: If we install a dimmer switch with a 3-year manufacturer warranty and it becomes defective within that timeframe, we\u2019ll replace it at no cost, including parts and labour. If the dimmer switch fails after 3 years, you\u2019ll only pay for a new switch. Labour will still be free of charge.<\/p><h2>Peace of Mind, Guaranteed<\/h2><p>At Groupe Quenneville, we believe our clients deserve more than the bare minimum. Our 5-year warranty, combined with manufacturer coverage, offers you exceptional protection and peace of mind.<\/p><p>Choose reliability and durability. <a href=\"https:\/\/groupequenneville.com\/en\/contact-us\/\">Contact us today<\/a> for your electrical projects!<\/p><p>\u00a0<\/p>\t\t\t\t\t\t\t\t<\/div>\n\t\t\t\t<\/div>\n\t\t\t\t<\/div>\n\t\t\t\t\t<\/div>\n\t\t\t\t<\/div>\n\t\t\t\t\t<\/div>\n\t\t\t\t<\/div>\n\t\t\t\t<\/div>\n\t\t","protected":false},"excerpt":{"rendered":"<p>5-Year Warranty on All Our Electrical Services \u2013 The Longest Warranty in the Industry! Did you know that the minimum legal warranty offered by merchants in Quebec is only one year? At Groupe Quenneville, we go far beyond this standard to provide you with unmatched peace of mind. Why a 5-Year Warranty? Quality is at [&hellip;]<\/p>\n","protected":false},"author":3,"featured_media":0,"parent":0,"menu_order":0,"comment_status":"closed","ping_status":"closed","template":"","meta":{"footnotes":""},"class_list":["post-6599","page","type-page","status-publish","hentry"],"yoast_head":"<!-- This site is optimized with the Yoast SEO Premium plugin v27.3 (Yoast SEO v27.3) - https:\/\/yoast.com\/product\/yoast-seo-premium-wordpress\/ -->\n<title>5-Year Warranty on All Our Electrical Services \u2013 The Longest Warranty in the Industry! - Groupe Quenneville<\/title>\n<meta name=\"robots\" content=\"index, follow, max-snippet:-1, max-image-preview:large, max-video-preview:-1\" \/>\n<link rel=\"canonical\" href=\"https:\/\/groupequenneville.com\/en\/5-year-electrician-warranty\/\" \/>\n<meta property=\"og:locale\" content=\"en_US\" \/>\n<meta property=\"og:type\" content=\"article\" \/>\n<meta property=\"og:title\" content=\"5-Year Warranty on All Our Electrical Services \u2013 The Longest Warranty in the Industry!\" \/>\n<meta property=\"og:description\" content=\"5-Year Warranty on All Our Electrical Services \u2013 The Longest Warranty in the Industry! Did you know that the minimum legal warranty offered by merchants in Quebec is only one year? At Groupe Quenneville, we go far beyond this standard to provide you with unmatched peace of mind. Why a 5-Year Warranty? Quality is at [&hellip;]\" \/>\n<meta property=\"og:url\" content=\"https:\/\/groupequenneville.com\/en\/5-year-electrician-warranty\/\" \/>\n<meta property=\"og:site_name\" content=\"Groupe Quenneville\" \/>\n<meta property=\"article:publisher\" content=\"https:\/\/www.facebook.com\/GroupeQuenneville\" \/>\n<meta property=\"og:image\" content=\"https:\/\/groupequenneville.com\/wp-content\/uploads\/2024\/06\/electriciens-groupe-quenneville.jpg\" \/>\n\t<meta property=\"og:image:width\" content=\"2000\" \/>\n\t<meta property=\"og:image:height\" content=\"1359\" \/>\n\t<meta property=\"og:image:type\" content=\"image\/jpeg\" \/>\n<meta name=\"twitter:card\" content=\"summary_large_image\" \/>\n<meta name=\"twitter:label1\" content=\"Est. reading time\" \/>\n\t<meta name=\"twitter:data1\" content=\"2 minutes\" \/>\n<script type=\"application\/ld+json\" class=\"yoast-schema-graph\">{\"@context\":\"https:\\\/\\\/schema.org\",\"@graph\":[{\"@type\":\"WebPage\",\"@id\":\"https:\\\/\\\/groupequenneville.com\\\/en\\\/5-year-electrician-warranty\\\/\",\"url\":\"https:\\\/\\\/groupequenneville.com\\\/en\\\/5-year-electrician-warranty\\\/\",\"name\":\"5-Year Warranty on All Our Electrical Services \u2013 The Longest Warranty in the Industry! - Groupe Quenneville\",\"isPartOf\":{\"@id\":\"https:\\\/\\\/groupequenneville.com\\\/en\\\/#website\"},\"datePublished\":\"2025-01-07T18:25:20+00:00\",\"breadcrumb\":{\"@id\":\"https:\\\/\\\/groupequenneville.com\\\/en\\\/5-year-electrician-warranty\\\/#breadcrumb\"},\"inLanguage\":\"en-US\",\"potentialAction\":[{\"@type\":\"ReadAction\",\"target\":[\"https:\\\/\\\/groupequenneville.com\\\/en\\\/5-year-electrician-warranty\\\/\"]}]},{\"@type\":\"BreadcrumbList\",\"@id\":\"https:\\\/\\\/groupequenneville.com\\\/en\\\/5-year-electrician-warranty\\\/#breadcrumb\",\"itemListElement\":[{\"@type\":\"ListItem\",\"position\":1,\"name\":\"Accueil\",\"item\":\"https:\\\/\\\/groupequenneville.com\\\/en\\\/\"},{\"@type\":\"ListItem\",\"position\":2,\"name\":\"5-Year Warranty on All Our Electrical Services \u2013 The Longest Warranty in the Industry!\"}]},{\"@type\":\"WebSite\",\"@id\":\"https:\\\/\\\/groupequenneville.com\\\/en\\\/#website\",\"url\":\"https:\\\/\\\/groupequenneville.com\\\/en\\\/\",\"name\":\"Groupe Quenneville\",\"description\":\"Ma\u00eetre \u00e9lectricien\",\"publisher\":{\"@id\":\"https:\\\/\\\/groupequenneville.com\\\/en\\\/#organization\"},\"potentialAction\":[{\"@type\":\"SearchAction\",\"target\":{\"@type\":\"EntryPoint\",\"urlTemplate\":\"https:\\\/\\\/groupequenneville.com\\\/en\\\/?s={search_term_string}\"},\"query-input\":{\"@type\":\"PropertyValueSpecification\",\"valueRequired\":true,\"valueName\":\"search_term_string\"}}],\"inLanguage\":\"en-US\"},{\"@type\":\"Organization\",\"@id\":\"https:\\\/\\\/groupequenneville.com\\\/en\\\/#organization\",\"name\":\"Groupe Quenneville\",\"url\":\"https:\\\/\\\/groupequenneville.com\\\/en\\\/\",\"logo\":{\"@type\":\"ImageObject\",\"inLanguage\":\"en-US\",\"@id\":\"https:\\\/\\\/groupequenneville.com\\\/en\\\/#\\\/schema\\\/logo\\\/image\\\/\",\"url\":\"https:\\\/\\\/groupequenneville.com\\\/wp-content\\\/uploads\\\/2024\\\/06\\\/logo.png\",\"contentUrl\":\"https:\\\/\\\/groupequenneville.com\\\/wp-content\\\/uploads\\\/2024\\\/06\\\/logo.png\",\"width\":851,\"height\":315,\"caption\":\"Groupe Quenneville\"},\"image\":{\"@id\":\"https:\\\/\\\/groupequenneville.com\\\/en\\\/#\\\/schema\\\/logo\\\/image\\\/\"},\"sameAs\":[\"https:\\\/\\\/www.facebook.com\\\/GroupeQuenneville\",\"https:\\\/\\\/www.linkedin.com\\\/company\\\/groupe-quenneville-inc\\\/\"],\"description\":\"Groupe Quenneville est une entreprise d'\u00e9lectriciens situ\u00e9e dans les Laurentides au Qu\u00e9bec offrant leurs services \u00e0 Montr\u00e9al, Laval et dans les Laurentides. Les diff\u00e9rents services \u00e9lectriques offerts sont : Appels de service, installation et distribution de bornes de recharge, branchement de piscine, branchement de spa, branchement d'appareillage, certification pour assurances, chauffage \u00e9lectrique, construction neuve, distribution \u00e9lectrique, \u00e9clairage, entr\u00e9e \u00e9lectrique, g\u00e9n\u00e9ratrices r\u00e9sidentiels commerciales et industrielles, tous services par rapport aux panneaux \u00e9lectriques, r\u00e9novation.\",\"email\":\"info@groupequenneville.com\",\"telephone\":\"514-503-1353\",\"legalName\":\"Groupe Quenneville Inc.\",\"foundingDate\":\"2019-04-22\",\"numberOfEmployees\":{\"@type\":\"QuantitativeValue\",\"minValue\":\"1\",\"maxValue\":\"10\"}}]}<\/script>\n<!-- \/ Yoast SEO Premium plugin. -->","yoast_head_json":{"title":"5-Year Warranty on All Our Electrical Services \u2013 The Longest Warranty in the Industry! - Groupe Quenneville","robots":{"index":"index","follow":"follow","max-snippet":"max-snippet:-1","max-image-preview":"max-image-preview:large","max-video-preview":"max-video-preview:-1"},"canonical":"https:\/\/groupequenneville.com\/en\/5-year-electrician-warranty\/","og_locale":"en_US","og_type":"article","og_title":"5-Year Warranty on All Our Electrical Services \u2013 The Longest Warranty in the Industry!","og_description":"5-Year Warranty on All Our Electrical Services \u2013 The Longest Warranty in the Industry! Did you know that the minimum legal warranty offered by merchants in Quebec is only one year? At Groupe Quenneville, we go far beyond this standard to provide you with unmatched peace of mind. Why a 5-Year Warranty? Quality is at [&hellip;]","og_url":"https:\/\/groupequenneville.com\/en\/5-year-electrician-warranty\/","og_site_name":"Groupe Quenneville","article_publisher":"https:\/\/www.facebook.com\/GroupeQuenneville","og_image":[{"width":2000,"height":1359,"url":"https:\/\/groupequenneville.com\/wp-content\/uploads\/2024\/06\/electriciens-groupe-quenneville.jpg","type":"image\/jpeg"}],"twitter_card":"summary_large_image","twitter_misc":{"Est. reading time":"2 minutes"},"schema":{"@context":"https:\/\/schema.org","@graph":[{"@type":"WebPage","@id":"https:\/\/groupequenneville.com\/en\/5-year-electrician-warranty\/","url":"https:\/\/groupequenneville.com\/en\/5-year-electrician-warranty\/","name":"5-Year Warranty on All Our Electrical Services \u2013 The Longest Warranty in the Industry! - Groupe Quenneville","isPartOf":{"@id":"https:\/\/groupequenneville.com\/en\/#website"},"datePublished":"2025-01-07T18:25:20+00:00","breadcrumb":{"@id":"https:\/\/groupequenneville.com\/en\/5-year-electrician-warranty\/#breadcrumb"},"inLanguage":"en-US","potentialAction":[{"@type":"ReadAction","target":["https:\/\/groupequenneville.com\/en\/5-year-electrician-warranty\/"]}]},{"@type":"BreadcrumbList","@id":"https:\/\/groupequenneville.com\/en\/5-year-electrician-warranty\/#breadcrumb","itemListElement":[{"@type":"ListItem","position":1,"name":"Accueil","item":"https:\/\/groupequenneville.com\/en\/"},{"@type":"ListItem","position":2,"name":"5-Year Warranty on All Our Electrical Services \u2013 The Longest Warranty in the Industry!"}]},{"@type":"WebSite","@id":"https:\/\/groupequenneville.com\/en\/#website","url":"https:\/\/groupequenneville.com\/en\/","name":"Groupe Quenneville","description":"Ma\u00eetre \u00e9lectricien","publisher":{"@id":"https:\/\/groupequenneville.com\/en\/#organization"},"potentialAction":[{"@type":"SearchAction","target":{"@type":"EntryPoint","urlTemplate":"https:\/\/groupequenneville.com\/en\/?s={search_term_string}"},"query-input":{"@type":"PropertyValueSpecification","valueRequired":true,"valueName":"search_term_string"}}],"inLanguage":"en-US"},{"@type":"Organization","@id":"https:\/\/groupequenneville.com\/en\/#organization","name":"Groupe Quenneville","url":"https:\/\/groupequenneville.com\/en\/","logo":{"@type":"ImageObject","inLanguage":"en-US","@id":"https:\/\/groupequenneville.com\/en\/#\/schema\/logo\/image\/","url":"https:\/\/groupequenneville.com\/wp-content\/uploads\/2024\/06\/logo.png","contentUrl":"https:\/\/groupequenneville.com\/wp-content\/uploads\/2024\/06\/logo.png","width":851,"height":315,"caption":"Groupe Quenneville"},"image":{"@id":"https:\/\/groupequenneville.com\/en\/#\/schema\/logo\/image\/"},"sameAs":["https:\/\/www.facebook.com\/GroupeQuenneville","https:\/\/www.linkedin.com\/company\/groupe-quenneville-inc\/"],"description":"Groupe Quenneville est une entreprise d'\u00e9lectriciens situ\u00e9e dans les Laurentides au Qu\u00e9bec offrant leurs services \u00e0 Montr\u00e9al, Laval et dans les Laurentides. Les diff\u00e9rents services \u00e9lectriques offerts sont : Appels de service, installation et distribution de bornes de recharge, branchement de piscine, branchement de spa, branchement d'appareillage, certification pour assurances, chauffage \u00e9lectrique, construction neuve, distribution \u00e9lectrique, \u00e9clairage, entr\u00e9e \u00e9lectrique, g\u00e9n\u00e9ratrices r\u00e9sidentiels commerciales et industrielles, tous services par rapport aux panneaux \u00e9lectriques, r\u00e9novation.","email":"info@groupequenneville.com","telephone":"514-503-1353","legalName":"Groupe Quenneville Inc.","foundingDate":"2019-04-22","numberOfEmployees":{"@type":"QuantitativeValue","minValue":"1","maxValue":"10"}}]}},"_links":{"self":[{"href":"https:\/\/groupequenneville.com\/en\/wp-json\/wp\/v2\/pages\/6599","targetHints":{"allow":["GET"]}}],"collection":[{"href":"https:\/\/groupequenneville.com\/en\/wp-json\/wp\/v2\/pages"}],"about":[{"href":"https:\/\/groupequenneville.com\/en\/wp-json\/wp\/v2\/types\/page"}],"author":[{"embeddable":true,"href":"https:\/\/groupequenneville.com\/en\/wp-json\/wp\/v2\/users\/3"}],"replies":[{"embeddable":true,"href":"https:\/\/groupequenneville.com\/en\/wp-json\/wp\/v2\/comments?post=6599"}],"version-history":[{"count":0,"href":"https:\/\/groupequenneville.com\/en\/wp-json\/wp\/v2\/pages\/6599\/revisions"}],"wp:attachment":[{"href":"https:\/\/groupequenneville.com\/en\/wp-json\/wp\/v2\/media?parent=6599"}],"curies":[{"name":"wp","href":"https:\/\/api.w.org\/{rel}","templated":true}]}}